{"id":4613,"date":"2022-09-20T12:13:21","date_gmt":"2022-09-20T10:13:21","guid":{"rendered":"https:\/\/www.meccanoplastica-group.com\/calidad\/"},"modified":"2025-02-13T10:23:06","modified_gmt":"2025-02-13T09:23:06","slug":"calidad","status":"publish","type":"page","link":"https:\/\/www.meccanoplastica-group.com\/es\/calidad\/","title":{"rendered":"Calidad"},"content":{"rendered":"\n<style type=\"text\/css\" data-created_by=\"avia_inline_auto\" id=\"style-css-av-l8a0x8zk-c9161ed34f12c0756f2787d342c20f8e\">\n.avia-section.av-l8a0x8zk-c9161ed34f12c0756f2787d342c20f8e{\nbackground-color:#f7f7f7;\nbackground-image:unset;\n}\n<\/style>\n<div id='av_section_1'  class='avia-section av-l8a0x8zk-c9161ed34f12c0756f2787d342c20f8e main_color avia-section-default avia-no-border-styling  avia-builder-el-0  el_before_av_image  avia-builder-el-first  avia-bg-style-scroll container_wrap fullsize'  ><div class='container av-section-cont-open' ><main  role=\"main\" itemprop=\"mainContentOfPage\"  class='template-page content  av-content-full alpha units'><div class='post-entry post-entry-type-page post-entry-4613'><div class='entry-content-wrapper clearfix'>\n<section  class='av_textblock_section av-l8a140j2-4a504b72e3753e5f22e1623c95f9c5ce '   itemscope=\"itemscope\" itemtype=\"https:\/\/schema.org\/CreativeWork\" ><div class='avia_textblock'  itemprop=\"text\" ><h2>CALIDAD<\/h2>\n<p><strong>Procesos de producci\u00f3n regulados y maquinaria certificada<\/strong><\/p>\n<\/div><\/section>\n<\/div><\/div><\/main><!-- close content main element --><\/div><\/div><div id='after_section_1'  class='main_color av_default_container_wrap container_wrap fullsize'  ><div class='container av-section-cont-open' ><div class='template-page content  av-content-full alpha units'><div class='post-entry post-entry-type-page post-entry-4613'><div class='entry-content-wrapper clearfix'>\n\n<style type=\"text\/css\" data-created_by=\"avia_inline_auto\" id=\"style-css-av-d2l4p-52779c66f14eb810f5b9bc6d27f491e7\">\n.avia-image-container.av-d2l4p-52779c66f14eb810f5b9bc6d27f491e7 img.avia_image{\nbox-shadow:none;\n}\n.avia-image-container.av-d2l4p-52779c66f14eb810f5b9bc6d27f491e7 .av-image-caption-overlay-center{\ncolor:#ffffff;\n}\n<\/style>\n<div  class='avia-image-container av-d2l4p-52779c66f14eb810f5b9bc6d27f491e7 av-styling- avia-align-center  avia-builder-el-2  el_after_av_section  el_before_av_hr  avia-builder-el-first '   itemprop=\"image\" itemscope=\"itemscope\" itemtype=\"https:\/\/schema.org\/ImageObject\" ><div class=\"avia-image-container-inner\"><div class=\"avia-image-overlay-wrap\"><img decoding=\"async\" fetchpriority=\"high\" class='wp-image-4487 avia-img-lazy-loading-not-4487 avia_image ' src=\"https:\/\/www.meccanoplastica-group.com\/wp-content\/uploads\/2022\/10\/qualita.jpg\" alt='' title='qualita'  height=\"800\" width=\"2349\"  itemprop=\"thumbnailUrl\" srcset=\"https:\/\/www.meccanoplastica-group.com\/wp-content\/uploads\/2022\/10\/qualita.jpg 2349w, https:\/\/www.meccanoplastica-group.com\/wp-content\/uploads\/2022\/10\/qualita-300x102.jpg 300w, https:\/\/www.meccanoplastica-group.com\/wp-content\/uploads\/2022\/10\/qualita-1030x351.jpg 1030w, https:\/\/www.meccanoplastica-group.com\/wp-content\/uploads\/2022\/10\/qualita-768x262.jpg 768w, https:\/\/www.meccanoplastica-group.com\/wp-content\/uploads\/2022\/10\/qualita-1536x523.jpg 1536w, https:\/\/www.meccanoplastica-group.com\/wp-content\/uploads\/2022\/10\/qualita-2048x697.jpg 2048w, https:\/\/www.meccanoplastica-group.com\/wp-content\/uploads\/2022\/10\/qualita-1500x511.jpg 1500w, https:\/\/www.meccanoplastica-group.com\/wp-content\/uploads\/2022\/10\/qualita-705x240.jpg 705w\" sizes=\"(max-width: 2349px) 100vw, 2349px\" \/><\/div><\/div><\/div>\n\n<style type=\"text\/css\" data-created_by=\"avia_inline_auto\" id=\"style-css-av-l8bfnaoa-54bc45e14b24ca97cb928c7e564767b2\">\n#top .hr.hr-invisible.av-l8bfnaoa-54bc45e14b24ca97cb928c7e564767b2{\nheight:50px;\n}\n<\/style>\n<div  class='hr av-l8bfnaoa-54bc45e14b24ca97cb928c7e564767b2 hr-invisible  avia-builder-el-3  el_after_av_image  el_before_av_textblock '><span class='hr-inner '><span class=\"hr-inner-style\"><\/span><\/span><\/div>\n<section  class='av_textblock_section av-l8a1crf8-2b096dcee0c6dc181dd2c5554d9af6cf '   itemscope=\"itemscope\" itemtype=\"https:\/\/schema.org\/CreativeWork\" ><div class='avia_textblock'  itemprop=\"text\" ><p>Nuestro objetivo es mantener un perfil de calidad id\u00f3neo para competir en el mercado global y cumplir con las expectativas de los clientes.<\/p>\n<p>Atentos a las necesidades globales del mercado y particulares de los clientes, <strong>fuimos la PRIMERA empresa italiana del sector en recibir la certificaci\u00f3n ISO 9001 por la calidad de su maquinaria.<\/strong><\/p>\n<\/div><\/section>\n\n<style type=\"text\/css\" data-created_by=\"avia_inline_auto\" id=\"style-css-av-115oep-b5af8dfade4a0cfc365688ff63ee3128\">\n#top .hr.hr-invisible.av-115oep-b5af8dfade4a0cfc365688ff63ee3128{\nheight:30px;\n}\n<\/style>\n<div  class='hr av-115oep-b5af8dfade4a0cfc365688ff63ee3128 hr-invisible  avia-builder-el-5  el_after_av_textblock  el_before_av_textblock '><span class='hr-inner '><span class=\"hr-inner-style\"><\/span><\/span><\/div>\n<section  class='av_textblock_section av-l8a1du49-24ca9c63b8af5867e78d136361e89029 '   itemscope=\"itemscope\" itemtype=\"https:\/\/schema.org\/CreativeWork\" ><div class='avia_textblock'  itemprop=\"text\" ><p>Por ello, <strong>cada fase del proceso productivo se rige por unos procedimientos rigurosos.<\/strong><\/p>\n<p>Las m\u00e1quinas est\u00e1n sujetas a una especificaci\u00f3n cualitativa de suministro, que incluye un cuidadoso y preciso control de calidad, as\u00ed como la gesti\u00f3n del incumplimiento de las especificaciones con las correspondientes acciones correctivas relacionadas, en caso de ser necesario.<\/p>\n<p>Los accesorios, los componentes, todo lo que se compra en el exterior se revisa cuidadosamente y proviene solo de proveedores seleccionados.<\/p>\n<p>La construcci\u00f3n, montaje y pruebas de nuestros sistemas est\u00e1n a cargo exclusivamente de personal interno altamente cualificado.<\/p>\n<\/div><\/section>\n<\/div><\/div><\/div><!-- close content main div --><\/div><\/div>\n<style type=\"text\/css\" data-created_by=\"avia_inline_auto\" id=\"style-css-av-l8bfvh9u-83440f034b8b1a711767fb44fbe4bd95\">\n.avia-section.av-l8bfvh9u-83440f034b8b1a711767fb44fbe4bd95{\nbackground-repeat:no-repeat;\nbackground-image:url(https:\/\/www.meccanoplastica-group.com\/wp-content\/uploads\/2022\/09\/sfondo-giallo-1.png);\nbackground-position:100% 100%;\nbackground-attachment:scroll;\nmargin-top:10px;\nmargin-bottom:10px;\n}\n<\/style>\n<div id='av_section_2'  class='avia-section av-l8bfvh9u-83440f034b8b1a711767fb44fbe4bd95 main_color avia-section-small avia-no-border-styling  avia-builder-el-7  el_after_av_textblock  el_before_av_section  avia-full-stretch avia-bg-style-scroll container_wrap fullsize'  data-section-bg-repeat='stretch'><div class='container av-section-cont-open' ><div class='template-page content  av-content-full alpha units'><div class='post-entry post-entry-type-page post-entry-4613'><div class='entry-content-wrapper clearfix'>\n<div  class='flex_column av-wgw0p-fe481342fd2d87a31e8bd97e20e351a1 av_one_half  avia-builder-el-8  el_before_av_two_fifth  avia-builder-el-first  first flex_column_div  '     ><p><section  class='av_textblock_section av-l8a1efln-a1410f7ca86dcaf6743e549cf1bbb9d2 '   itemscope=\"itemscope\" itemtype=\"https:\/\/schema.org\/CreativeWork\" ><div class='avia_textblock'  itemprop=\"text\" ><p>Siempre hemos trabajado para cumplir con todas las especificaciones de suministro y entregar m\u00e1quinas con bajo impacto ambiental, menor consumo de energ\u00eda y que se puedan monitorear a trav\u00e9s de sistemas de diagn\u00f3stico remoto en l\u00ednea: todos los requerimientos de la industria 4.0.<\/p>\n<\/div><\/section><br \/>\n\n<style type=\"text\/css\" data-created_by=\"avia_inline_auto\" id=\"style-css-av-l8bfy532-d15d7380dd844aa1385254067321d96b\">\n#top .hr.hr-invisible.av-l8bfy532-d15d7380dd844aa1385254067321d96b{\nheight:30px;\n}\n<\/style>\n<div  class='hr av-l8bfy532-d15d7380dd844aa1385254067321d96b hr-invisible  avia-builder-el-10  el_after_av_textblock  el_before_av_textblock '><span class='hr-inner '><span class=\"hr-inner-style\"><\/span><\/span><\/div><br \/>\n<section  class='av_textblock_section av-l8a1f41a-3d0f386ecbb4eda78031f23ad18dac19 '   itemscope=\"itemscope\" itemtype=\"https:\/\/schema.org\/CreativeWork\" ><div class='avia_textblock'  itemprop=\"text\" ><p>En Meccanoplastica<strong> hacemos de la calidad y solidez de nuestro producto un factor distintivo<\/strong>, antes que estrat\u00e9gico y competitivo, porque somos conscientes de que s\u00f3lo la calidad genera un c\u00edrculo virtuoso gratificante.<\/p>\n<\/div><\/section><\/p><\/div><div  class='flex_column av-s08u9-b2f1e7b69c11b1fdf14aa190726d490d av_two_fifth  avia-builder-el-12  el_after_av_one_half  avia-builder-el-last  flex_column_div  '     ><style type=\"text\/css\" data-created_by=\"avia_inline_auto\" id=\"style-css-av-l8bflf71-fa4bb9a471d64f25758ea9a1f0fa3b0a\">\n.avia-image-container.av-l8bflf71-fa4bb9a471d64f25758ea9a1f0fa3b0a img.avia_image{\nbox-shadow:none;\n}\n.avia-image-container.av-l8bflf71-fa4bb9a471d64f25758ea9a1f0fa3b0a .av-image-caption-overlay-center{\ncolor:#ffffff;\n}\n<\/style>\n<div  class='avia-image-container av-l8bflf71-fa4bb9a471d64f25758ea9a1f0fa3b0a av-styling- avia-align-center  avia-builder-el-13  avia-builder-el-no-sibling '   itemprop=\"image\" itemscope=\"itemscope\" itemtype=\"https:\/\/schema.org\/ImageObject\" ><div class=\"avia-image-container-inner\"><div class=\"avia-image-overlay-wrap\"><img decoding=\"async\" fetchpriority=\"high\" class='wp-image-6286 avia-img-lazy-loading-not-6286 avia_image ' src=\"https:\/\/www.meccanoplastica-group.com\/wp-content\/uploads\/2024\/06\/Bollino-certificazione-DNV-1-300x286.jpg\" alt='' title='Bollino certificazione DNV'  height=\"286\" width=\"300\"  itemprop=\"thumbnailUrl\" srcset=\"https:\/\/www.meccanoplastica-group.com\/wp-content\/uploads\/2024\/06\/Bollino-certificazione-DNV-1-300x286.jpg 300w, https:\/\/www.meccanoplastica-group.com\/wp-content\/uploads\/2024\/06\/Bollino-certificazione-DNV-1-768x733.jpg 768w, https:\/\/www.meccanoplastica-group.com\/wp-content\/uploads\/2024\/06\/Bollino-certificazione-DNV-1-705x673.jpg 705w, https:\/\/www.meccanoplastica-group.com\/wp-content\/uploads\/2024\/06\/Bollino-certificazione-DNV-1.jpg 921w\" sizes=\"(max-width: 300px) 100vw, 300px\" \/><\/div><\/div><\/div><\/div><\/div><\/div><\/div><!-- close content main div --><\/div><\/div>\n<style type=\"text\/css\" data-created_by=\"avia_inline_auto\" id=\"style-css-av-l8bgdps0-e73e553726865cd1842e22eb0e70eb4e\">\n.avia-section.av-l8bgdps0-e73e553726865cd1842e22eb0e70eb4e{\nbackground-color:#00617a;\nbackground-image:unset;\nmargin-top:30px;\nmargin-bottom:30px;\n}\n<\/style>\n<div id='av_section_3'  class='avia-section av-l8bgdps0-e73e553726865cd1842e22eb0e70eb4e main_color avia-section-small avia-no-border-styling  avia-builder-el-14  el_after_av_section  avia-builder-el-last  avia-bg-style-scroll container_wrap fullsize'  ><div class='container av-section-cont-open' ><div class='template-page content  av-content-full alpha units'><div class='post-entry post-entry-type-page post-entry-4613'><div class='entry-content-wrapper clearfix'>\n<div  class='flex_column av-irg4p-64abf3a2b257daa156260cec99c1a592 av_one_half  avia-builder-el-15  el_before_av_one_half  avia-builder-el-first  first flex_column_div  '     ><section  class='av_textblock_section av-l8bgcwhk-311f3656490dae622e79eca79fca1cd7 '   itemscope=\"itemscope\" itemtype=\"https:\/\/schema.org\/CreativeWork\" ><div class='avia_textblock'  itemprop=\"text\" ><h3><span style=\"color: #ffffff;\">PARA INFORMACI\u00d3N<\/span><br \/>\n<span style=\"color: #ffffff;\">O PARA PEDIR PRESUPUESTO<\/span><\/h3>\n<\/div><\/section><\/div><div  class='flex_column av-1gcsx-6b0c9674a6b2dce82e2696adca2193e0 av_one_half  avia-builder-el-17  el_after_av_one_half  avia-builder-el-last  flex_column_div  '     ><div  class='avia-button-wrap av-159vt-393f48e115d0c282cf3fd37adde7d14f-wrap avia-button-center  avia-builder-el-18  avia-builder-el-no-sibling '>\n<style type=\"text\/css\" data-created_by=\"avia_inline_auto\" id=\"style-css-av-159vt-393f48e115d0c282cf3fd37adde7d14f\">\n#top #wrap_all .avia-button.av-159vt-393f48e115d0c282cf3fd37adde7d14f{\ncolor:#00617a;\ntransition:all 0.4s ease-in-out;\n}\n#top #wrap_all .avia-button.av-159vt-393f48e115d0c282cf3fd37adde7d14f:hover{\ncolor:white;\ntransition:all 0.4s ease-in-out;\n}\n#top #wrap_all .avia-button.av-159vt-393f48e115d0c282cf3fd37adde7d14f .avia-svg-icon svg:first-child{\nfill:#00617a;\nstroke:#00617a;\n}\n#top #wrap_all .avia-button.av-159vt-393f48e115d0c282cf3fd37adde7d14f:hover .avia-svg-icon svg:first-child{\nfill:white;\nstroke:white;\n}\n<\/style>\n<a href='https:\/\/www.meccanoplastica-group.com\/it\/contatti\/'  class='avia-button av-159vt-393f48e115d0c282cf3fd37adde7d14f av-link-btn avia-icon_select-no avia-size-large avia-position-center avia-color-white'   aria-label=\"Contacto\"><span class='avia_iconbox_title' >Contacto<\/span><span class='avia_button_background avia-button avia-color-theme-color-highlight' ><\/span><\/a><\/div><\/div>\n<\/p>\n","protected":false},"excerpt":{"rendered":"","protected":false},"author":2,"featured_media":0,"parent":0,"menu_order":0,"comment_status":"closed","ping_status":"closed","template":"","meta":{"footnotes":""},"class_list":["post-4613","page","type-page","status-publish","hentry"],"yoast_head":"<!-- This site is optimized with the Yoast SEO plugin v27.5 - https:\/\/yoast.com\/product\/yoast-seo-wordpress\/ -->\n<title>Calidad - Meccanoplastica Group<\/title>\n<meta name=\"robots\" content=\"index, follow, max-snippet:-1, max-image-preview:large, max-video-preview:-1\" \/>\n<link rel=\"canonical\" href=\"https:\/\/www.meccanoplastica-group.com\/es\/calidad\/\" \/>\n<meta property=\"og:locale\" content=\"es_ES\" \/>\n<meta property=\"og:type\" content=\"article\" \/>\n<meta property=\"og:title\" content=\"Calidad - Meccanoplastica Group\" \/>\n<meta property=\"og:url\" content=\"https:\/\/www.meccanoplastica-group.com\/es\/calidad\/\" \/>\n<meta property=\"og:site_name\" content=\"Meccanoplastica Group\" \/>\n<meta property=\"article:modified_time\" content=\"2025-02-13T09:23:06+00:00\" \/>\n<meta name=\"twitter:card\" content=\"summary_large_image\" \/>\n<meta name=\"twitter:label1\" content=\"Tiempo de lectura\" \/>\n\t<meta name=\"twitter:data1\" content=\"2 minutos\" \/>\n<script type=\"application\/ld+json\" class=\"yoast-schema-graph\">{\"@context\":\"https:\\\/\\\/schema.org\",\"@graph\":[{\"@type\":\"WebPage\",\"@id\":\"https:\\\/\\\/www.meccanoplastica-group.com\\\/es\\\/calidad\\\/\",\"url\":\"https:\\\/\\\/www.meccanoplastica-group.com\\\/es\\\/calidad\\\/\",\"name\":\"Calidad - Meccanoplastica Group\",\"isPartOf\":{\"@id\":\"https:\\\/\\\/www.meccanoplastica-group.com\\\/es\\\/#website\"},\"datePublished\":\"2022-09-20T10:13:21+00:00\",\"dateModified\":\"2025-02-13T09:23:06+00:00\",\"breadcrumb\":{\"@id\":\"https:\\\/\\\/www.meccanoplastica-group.com\\\/es\\\/calidad\\\/#breadcrumb\"},\"inLanguage\":\"es\",\"potentialAction\":[{\"@type\":\"ReadAction\",\"target\":[\"https:\\\/\\\/www.meccanoplastica-group.com\\\/es\\\/calidad\\\/\"]}]},{\"@type\":\"BreadcrumbList\",\"@id\":\"https:\\\/\\\/www.meccanoplastica-group.com\\\/es\\\/calidad\\\/#breadcrumb\",\"itemListElement\":[{\"@type\":\"ListItem\",\"position\":1,\"name\":\"Home\",\"item\":\"https:\\\/\\\/www.meccanoplastica-group.com\\\/es\\\/home\\\/\"},{\"@type\":\"ListItem\",\"position\":2,\"name\":\"Calidad\"}]},{\"@type\":\"WebSite\",\"@id\":\"https:\\\/\\\/www.meccanoplastica-group.com\\\/es\\\/#website\",\"url\":\"https:\\\/\\\/www.meccanoplastica-group.com\\\/es\\\/\",\"name\":\"Meccanoplastica Group\",\"description\":\"\",\"potentialAction\":[{\"@type\":\"SearchAction\",\"target\":{\"@type\":\"EntryPoint\",\"urlTemplate\":\"https:\\\/\\\/www.meccanoplastica-group.com\\\/es\\\/?s={search_term_string}\"},\"query-input\":{\"@type\":\"PropertyValueSpecification\",\"valueRequired\":true,\"valueName\":\"search_term_string\"}}],\"inLanguage\":\"es\"}]}<\/script>\n<!-- \/ Yoast SEO plugin. -->","yoast_head_json":{"title":"Calidad - Meccanoplastica Group","robots":{"index":"index","follow":"follow","max-snippet":"max-snippet:-1","max-image-preview":"max-image-preview:large","max-video-preview":"max-video-preview:-1"},"canonical":"https:\/\/www.meccanoplastica-group.com\/es\/calidad\/","og_locale":"es_ES","og_type":"article","og_title":"Calidad - Meccanoplastica Group","og_url":"https:\/\/www.meccanoplastica-group.com\/es\/calidad\/","og_site_name":"Meccanoplastica Group","article_modified_time":"2025-02-13T09:23:06+00:00","twitter_card":"summary_large_image","twitter_misc":{"Tiempo de lectura":"2 minutos"},"schema":{"@context":"https:\/\/schema.org","@graph":[{"@type":"WebPage","@id":"https:\/\/www.meccanoplastica-group.com\/es\/calidad\/","url":"https:\/\/www.meccanoplastica-group.com\/es\/calidad\/","name":"Calidad - Meccanoplastica Group","isPartOf":{"@id":"https:\/\/www.meccanoplastica-group.com\/es\/#website"},"datePublished":"2022-09-20T10:13:21+00:00","dateModified":"2025-02-13T09:23:06+00:00","breadcrumb":{"@id":"https:\/\/www.meccanoplastica-group.com\/es\/calidad\/#breadcrumb"},"inLanguage":"es","potentialAction":[{"@type":"ReadAction","target":["https:\/\/www.meccanoplastica-group.com\/es\/calidad\/"]}]},{"@type":"BreadcrumbList","@id":"https:\/\/www.meccanoplastica-group.com\/es\/calidad\/#breadcrumb","itemListElement":[{"@type":"ListItem","position":1,"name":"Home","item":"https:\/\/www.meccanoplastica-group.com\/es\/home\/"},{"@type":"ListItem","position":2,"name":"Calidad"}]},{"@type":"WebSite","@id":"https:\/\/www.meccanoplastica-group.com\/es\/#website","url":"https:\/\/www.meccanoplastica-group.com\/es\/","name":"Meccanoplastica Group","description":"","potentialAction":[{"@type":"SearchAction","target":{"@type":"EntryPoint","urlTemplate":"https:\/\/www.meccanoplastica-group.com\/es\/?s={search_term_string}"},"query-input":{"@type":"PropertyValueSpecification","valueRequired":true,"valueName":"search_term_string"}}],"inLanguage":"es"}]}},"_links":{"self":[{"href":"https:\/\/www.meccanoplastica-group.com\/es\/wp-json\/wp\/v2\/pages\/4613","targetHints":{"allow":["GET"]}}],"collection":[{"href":"https:\/\/www.meccanoplastica-group.com\/es\/wp-json\/wp\/v2\/pages"}],"about":[{"href":"https:\/\/www.meccanoplastica-group.com\/es\/wp-json\/wp\/v2\/types\/page"}],"author":[{"embeddable":true,"href":"https:\/\/www.meccanoplastica-group.com\/es\/wp-json\/wp\/v2\/users\/2"}],"replies":[{"embeddable":true,"href":"https:\/\/www.meccanoplastica-group.com\/es\/wp-json\/wp\/v2\/comments?post=4613"}],"version-history":[{"count":2,"href":"https:\/\/www.meccanoplastica-group.com\/es\/wp-json\/wp\/v2\/pages\/4613\/revisions"}],"predecessor-version":[{"id":6718,"href":"https:\/\/www.meccanoplastica-group.com\/es\/wp-json\/wp\/v2\/pages\/4613\/revisions\/6718"}],"wp:attachment":[{"href":"https:\/\/www.meccanoplastica-group.com\/es\/wp-json\/wp\/v2\/media?parent=4613"}],"curies":[{"name":"wp","href":"https:\/\/api.w.org\/{rel}","templated":true}]}}