{"id":4730,"date":"2022-09-05T16:36:02","date_gmt":"2022-09-05T14:36:02","guid":{"rendered":"https:\/\/www.meccanoplastica-group.com\/asistencia\/"},"modified":"2022-12-23T09:28:55","modified_gmt":"2022-12-23T08:28:55","slug":"asistencia","status":"publish","type":"page","link":"https:\/\/www.meccanoplastica-group.com\/es\/asistencia\/","title":{"rendered":"ASISTENCIA"},"content":{"rendered":"\n<style type=\"text\/css\" data-created_by=\"avia_inline_auto\" id=\"style-css-av-l7ouy91o-5dfbcde76bfce001669f9197576a94e2\">\n.avia-section.av-l7ouy91o-5dfbcde76bfce001669f9197576a94e2{\nbackground-color:#f7f7f7;\nbackground-image:unset;\n}\n<\/style>\n<div id='av_section_1'  class='avia-section av-l7ouy91o-5dfbcde76bfce001669f9197576a94e2 main_color avia-section-default avia-no-border-styling  avia-builder-el-0  el_before_av_one_full  avia-builder-el-first  avia-bg-style-scroll container_wrap fullsize'  ><div class='container av-section-cont-open' ><main  role=\"main\" itemprop=\"mainContentOfPage\"  class='template-page content  av-content-full alpha units'><div class='post-entry post-entry-type-page post-entry-4730'><div class='entry-content-wrapper clearfix'>\n<section  class='av_textblock_section av-l7ov06i0-fc6353e409d4865c038d06c3b2136e3f '   itemscope=\"itemscope\" itemtype=\"https:\/\/schema.org\/CreativeWork\" ><div class='avia_textblock'  itemprop=\"text\" ><h2>SERVICIO<\/h2>\n<p><strong>Para m\u00e1quinas de moldeo por extrusi\u00f3n soplado, inyecci\u00f3n soplado y m\u00e1quinas de estiro soplado de preformas PET<\/strong><\/p>\n<\/div><\/section>\n<\/div><\/div><\/main><!-- close content main element --><\/div><\/div><div id='after_section_1'  class='main_color av_default_container_wrap container_wrap fullsize'  ><div class='container av-section-cont-open' ><div class='template-page content  av-content-full alpha units'><div class='post-entry post-entry-type-page post-entry-4730'><div class='entry-content-wrapper clearfix'>\n\n<style type=\"text\/css\" data-created_by=\"avia_inline_auto\" id=\"style-css-av-1o6hq-4f2db2f76d37f37a07e61c0c5bc904cc\">\n#top .flex_column.av-1o6hq-4f2db2f76d37f37a07e61c0c5bc904cc{\nmargin-top:0;\nmargin-bottom:30px;\n}\n.responsive #top #wrap_all .flex_column.av-1o6hq-4f2db2f76d37f37a07e61c0c5bc904cc{\nmargin-top:0;\nmargin-bottom:30px;\n}\n<\/style>\n<div  class='flex_column av-1o6hq-4f2db2f76d37f37a07e61c0c5bc904cc av_one_full  avia-builder-el-2  el_after_av_section  el_before_av_toggle_container  avia-builder-el-first  first flex_column_div  '     ><section  class='av_textblock_section av-l7ov341b-ab58d67cde284cf69e2e7a33940a04f9 '   itemscope=\"itemscope\" itemtype=\"https:\/\/schema.org\/CreativeWork\" ><div class='avia_textblock'  itemprop=\"text\" ><p>Para nosotros, el servicio de atenci\u00f3n al cliente comienza ya en la fase de propuesta comercial, cuando analizamos sus necesidades para evaluar personalizaciones e integraciones con l\u00edneas existentes.<\/p>\n<p>En la fase de posventa organizamos varios servicios, enumerados a continuaci\u00f3n<\/p>\n<p>En la fase posventa organizamos diversos servicios, que se enumeran a continuaci\u00f3n.<\/p>\n<\/div><\/section><\/div>\n\n<style type=\"text\/css\" data-created_by=\"avia_inline_auto\" id=\"style-css-av-l7ovvehr-abd44bdd2a77497789f8b70b42d31e2f\">\n#top .togglecontainer.av-l7ovvehr-abd44bdd2a77497789f8b70b42d31e2f h4.toggler{\ncolor:#ffffff;\nbackground-color:#00617a;\nborder-color:#ffffff;\n}\n#top .togglecontainer.av-l7ovvehr-abd44bdd2a77497789f8b70b42d31e2f h4.toggler .toggle_icon{\ncolor:#ffffff;\nborder-color:#ffffff;\n}\n#top .togglecontainer.av-l7ovvehr-abd44bdd2a77497789f8b70b42d31e2f h4.toggler .toggle_icon > span{\ncolor:#ffffff;\nborder-color:#ffffff;\n}\n#top .togglecontainer.av-l7ovvehr-abd44bdd2a77497789f8b70b42d31e2f .toggle_wrap .toggle_content{\ncolor:#ffffff;\nbackground-color:#00617a;\nborder-color:#ffffff;\n}\n<\/style>\n<div  class='togglecontainer av-l7ovvehr-abd44bdd2a77497789f8b70b42d31e2f av-minimal-toggle  avia-builder-el-4  el_after_av_one_full  el_before_av_section  avia-builder-el-last ' >\n<section class='av_toggle_section av-l7ovr45f-26921bca46ed4c4eddf78587cf381c8a'  itemscope=\"itemscope\" itemtype=\"https:\/\/schema.org\/CreativeWork\" ><div role=\"tablist\" class=\"single_toggle\" data-tags=\"{Todo} \"  ><h4 id='toggle-toggle-id-1' data-fake-id='#toggle-id-1' class='toggler  activeTitle av-title-above av-inherit-border-color'  itemprop=\"headline\"  role='tab' tabindex='0' aria-controls='toggle-id-1' data-slide-speed=\"200\" data-title=\"Mantenimiento\" data-title-open=\"\" data-aria_collapsed=\"Click to expand: Mantenimiento\" data-aria_expanded=\"Click to collapse: Mantenimiento\">Mantenimiento<span class=\"toggle_icon\"><span class=\"vert_icon\"><\/span><span class=\"hor_icon\"><\/span><\/span><\/h4><div id='toggle-id-1' aria-labelledby='toggle-toggle-id-1' role='region' class='toggle_wrap  active_tc av-title-above' style='display:block;' ><div class='toggle_content invers-color av-inherit-border-color'  itemprop=\"text\" ><div style=\"display: flex;\">\n<div style=\"flex: 2;\">\n<p>Ofrecemos una amplia gama de servicios de mantenimiento preventivo y peri\u00f3dico para garantizar la eficiencia y fiabilidad productiva de la maquinaria, mediante intervenciones programadas en las instalaciones del cliente.<\/p>\n<\/div>\n<div style=\"flex: 2;\"><\/div>\n<div style=\"flex: 1;\"><img loading=\"lazy\" decoding=\"async\" class=\"alignright size-full wp-image-434\" src=\"https:\/\/www.meccanoplastica-group.com\/wp-content\/uploads\/2022\/09\/manutenzione.png\" alt=\"\" width=\"100\" height=\"100\" srcset=\"https:\/\/www.meccanoplastica-group.com\/wp-content\/uploads\/2022\/09\/manutenzione.png 256w, https:\/\/www.meccanoplastica-group.com\/wp-content\/uploads\/2022\/09\/manutenzione-80x80.png 80w, https:\/\/www.meccanoplastica-group.com\/wp-content\/uploads\/2022\/09\/manutenzione-36x36.png 36w, https:\/\/www.meccanoplastica-group.com\/wp-content\/uploads\/2022\/09\/manutenzione-180x180.png 180w\" sizes=\"auto, (max-width: 100px) 100vw, 100px\" \/><\/div>\n<\/div>\n<\/div><\/div><\/div><\/section>\n<section class='av_toggle_section av-rrfu-6e3eb8f109799d9047e6f1076a1ab159'  itemscope=\"itemscope\" itemtype=\"https:\/\/schema.org\/CreativeWork\" ><div role=\"tablist\" class=\"single_toggle\" data-tags=\"{Todo} \"  ><h4 id='toggle-toggle-id-2' data-fake-id='#toggle-id-2' class='toggler  av-title-above av-inherit-border-color'  itemprop=\"headline\"  role='tab' tabindex='0' aria-controls='toggle-id-2' data-slide-speed=\"200\" data-title=\"Asistencia t\u00e9cnica\" data-title-open=\"\" data-aria_collapsed=\"Click to expand: Asistencia t\u00e9cnica\" data-aria_expanded=\"Click to collapse: Asistencia t\u00e9cnica\">Asistencia t\u00e9cnica<span class=\"toggle_icon\"><span class=\"vert_icon\"><\/span><span class=\"hor_icon\"><\/span><\/span><\/h4><div id='toggle-id-2' aria-labelledby='toggle-toggle-id-2' role='region' class='toggle_wrap  av-title-above'  ><div class='toggle_content invers-color av-inherit-border-color'  itemprop=\"text\" ><div style=\"display: flex;\">\n<div style=\"flex: 2;\">\n<p>Nuestra asistencia t\u00e9cnica incluye la puesta en marcha de las m\u00e1quinas y la instalaci\u00f3n en funci\u00f3n de las caracter\u00edsticas del sistema. Tambi\u00e9n brinda soporte en caso de reparaciones por aver\u00eda o mal funcionamiento y la reposici\u00f3n de elementos de repuesto en un corto plazo de tiempo.<\/p>\n<\/div>\n<div style=\"flex: 2;\"><\/div>\n<div style=\"flex: 1;\"><img loading=\"lazy\" decoding=\"async\" class=\"alignright size-full wp-image-434\" src=\"https:\/\/www.meccanoplastica-group.com\/wp-content\/uploads\/2022\/09\/assistenza-tecnica.png\" alt=\"\" width=\"100\" height=\"100\" \/><\/div>\n<\/div>\n<\/div><\/div><\/div><\/section>\n<section class='av_toggle_section av-l7ow0mtz-16cf124f6ef517b31b6b7aed6f4cbb0e'  itemscope=\"itemscope\" itemtype=\"https:\/\/schema.org\/CreativeWork\" ><div role=\"tablist\" class=\"single_toggle\" data-tags=\"{Todo} \"  ><h4 id='toggle-toggle-id-3' data-fake-id='#toggle-id-3' class='toggler  av-title-above av-inherit-border-color'  itemprop=\"headline\"  role='tab' tabindex='0' aria-controls='toggle-id-3' data-slide-speed=\"200\" data-title=\"Repuestos\" data-title-open=\"\" data-aria_collapsed=\"Click to expand: Repuestos\" data-aria_expanded=\"Click to collapse: Repuestos\">Repuestos<span class=\"toggle_icon\"><span class=\"vert_icon\"><\/span><span class=\"hor_icon\"><\/span><\/span><\/h4><div id='toggle-id-3' aria-labelledby='toggle-toggle-id-3' role='region' class='toggle_wrap  av-title-above'  ><div class='toggle_content invers-color av-inherit-border-color'  itemprop=\"text\" ><div style=\"display: flex;\">\n<div style=\"flex: 2;\">\n<p>Las sedes de Florencia y Barcelona est\u00e1n equipadas con un almac\u00e9n de repuestos para nuestras tecnolog\u00edas de moldeo por soplado, garantizando un suministro r\u00e1pido de componentes est\u00e1ndar y numerosas piezas cr\u00edticas.<\/p>\n<\/div>\n<div style=\"flex: 2;\"><\/div>\n<div style=\"flex: 1;\"><img loading=\"lazy\" decoding=\"async\" class=\"alignright size-full wp-image-434\" src=\"https:\/\/www.meccanoplastica-group.com\/wp-content\/uploads\/2022\/09\/pezzi-ricambio.png\" alt=\"\" width=\"100\" height=\"100\" \/><\/div>\n<\/div>\n<\/div><\/div><\/div><\/section>\n<section class='av_toggle_section av-l7ow18ws-5bb474d4e8ef8530e851b4828009ba77'  itemscope=\"itemscope\" itemtype=\"https:\/\/schema.org\/CreativeWork\" ><div role=\"tablist\" class=\"single_toggle\" data-tags=\"{Todo} \"  ><h4 id='toggle-toggle-id-4' data-fake-id='#toggle-id-4' class='toggler  av-title-above av-inherit-border-color'  itemprop=\"headline\"  role='tab' tabindex='0' aria-controls='toggle-id-4' data-slide-speed=\"200\" data-title=\"Asistencia remota\" data-title-open=\"\" data-aria_collapsed=\"Click to expand: Asistencia remota\" data-aria_expanded=\"Click to collapse: Asistencia remota\">Asistencia remota<span class=\"toggle_icon\"><span class=\"vert_icon\"><\/span><span class=\"hor_icon\"><\/span><\/span><\/h4><div id='toggle-id-4' aria-labelledby='toggle-toggle-id-4' role='region' class='toggle_wrap  av-title-above'  ><div class='toggle_content invers-color av-inherit-border-color'  itemprop=\"text\" ><div style=\"display: flex;\">\n<div style=\"flex: 2;\">\n<p>Todas las m\u00e1quinas est\u00e1n equipadas con un dispositivo de asistencia remota que pueden diagnosticar fallos de funcionamiento.<\/p>\n<p>Si es necesario, numerosas reparaciones, actualizaciones y modificaciones de software pueden realizarse inmediatamente en l\u00ednea.<\/p>\n<\/div>\n<div style=\"flex: 2;\"><\/div>\n<div style=\"flex: 1;\"><img loading=\"lazy\" decoding=\"async\" class=\"alignright size-full wp-image-434\" src=\"https:\/\/www.meccanoplastica-group.com\/wp-content\/uploads\/2022\/09\/assistenza-remota.png\" alt=\"\" width=\"100\" height=\"100\" \/><\/div>\n<\/div>\n<\/div><\/div><\/div><\/section>\n<section class='av_toggle_section av-l7ow23yc-23dd393059fa7b2dc01f1b8d150108fe'  itemscope=\"itemscope\" itemtype=\"https:\/\/schema.org\/CreativeWork\" ><div role=\"tablist\" class=\"single_toggle\" data-tags=\"{Todo} \"  ><h4 id='toggle-toggle-id-5' data-fake-id='#toggle-id-5' class='toggler  av-title-above av-inherit-border-color'  itemprop=\"headline\"  role='tab' tabindex='0' aria-controls='toggle-id-5' data-slide-speed=\"200\" data-title=\"Actualizaci\u00f3n y Conversi\u00f3n\" data-title-open=\"\" data-aria_collapsed=\"Click to expand: Actualizaci\u00f3n y Conversi\u00f3n\" data-aria_expanded=\"Click to collapse: Actualizaci\u00f3n y Conversi\u00f3n\">Actualizaci\u00f3n y Conversi\u00f3n<span class=\"toggle_icon\"><span class=\"vert_icon\"><\/span><span class=\"hor_icon\"><\/span><\/span><\/h4><div id='toggle-id-5' aria-labelledby='toggle-toggle-id-5' role='region' class='toggle_wrap  av-title-above'  ><div class='toggle_content invers-color av-inherit-border-color'  itemprop=\"text\" ><div style=\"display: flex;\">\n<div style=\"flex: 2;\">\n<p>Renovamos nuestras m\u00e1quinas de extrusi\u00f3n e inyecci\u00f3n soplado para actualizarlas tecnol\u00f3gicamente, realizando operaciones de <em>re-vampire y retro-fitting. <\/em>Tambi\u00e9n realizamos reconversi\u00f3n de m\u00e1quinas, por ejemplo en caso de que la l\u00ednea de producci\u00f3n necesite pasar a nuevos materiales o cambiar formatos.<\/p>\n<\/div>\n<div style=\"flex: 2;\"><\/div>\n<div style=\"flex: 1;\"><img loading=\"lazy\" decoding=\"async\" class=\"alignright size-full wp-image-434\" src=\"https:\/\/www.meccanoplastica-group.com\/wp-content\/uploads\/2022\/09\/aggiornamento.png\" alt=\"\" width=\"100\" height=\"100\" \/><\/div>\n<\/div>\n<\/div><\/div><\/div><\/section>\n<section class='av_toggle_section av-l7ow2nqc-d111789c48747f731137537997875bca'  itemscope=\"itemscope\" itemtype=\"https:\/\/schema.org\/CreativeWork\" ><div role=\"tablist\" class=\"single_toggle\" data-tags=\"{Todo} \"  ><h4 id='toggle-toggle-id-6' data-fake-id='#toggle-id-6' class='toggler  av-title-above av-inherit-border-color'  itemprop=\"headline\"  role='tab' tabindex='0' aria-controls='toggle-id-6' data-slide-speed=\"200\" data-title=\"Formaci\u00f3n\" data-title-open=\"\" data-aria_collapsed=\"Click to expand: Formaci\u00f3n\" data-aria_expanded=\"Click to collapse: Formaci\u00f3n\">Formaci\u00f3n<span class=\"toggle_icon\"><span class=\"vert_icon\"><\/span><span class=\"hor_icon\"><\/span><\/span><\/h4><div id='toggle-id-6' aria-labelledby='toggle-toggle-id-6' role='region' class='toggle_wrap  av-title-above'  ><div class='toggle_content invers-color av-inherit-border-color'  itemprop=\"text\" ><div style=\"display: flex;\">\n<div style=\"flex: 2;\">\n<p>Nuestros t\u00e9cnicos especializados organizan la formaci\u00f3n del personal de producci\u00f3n.<\/p>\n<\/div>\n<div style=\"flex: 2;\"><\/div>\n<div style=\"flex: 1;\"><img loading=\"lazy\" decoding=\"async\" class=\"alignright size-full wp-image-434\" src=\"https:\/\/www.meccanoplastica-group.com\/wp-content\/uploads\/2022\/09\/formazione.png\" alt=\"\" width=\"100\" height=\"100\" \/><\/div>\n<\/div>\n<\/div><\/div><\/div><\/section>\n<\/div>\n<\/div><\/div><\/div><!-- close content main div --><\/div><\/div>\n<style type=\"text\/css\" data-created_by=\"avia_inline_auto\" id=\"style-css-av-l7ow41eu-30cf42f7352cfc9661a2c07d19a34a02\">\n.avia-section.av-l7ow41eu-30cf42f7352cfc9661a2c07d19a34a02{\nbackground-color:#ebbd00;\nbackground-image:unset;\nmargin-top:30px;\nmargin-bottom:30px;\n}\n<\/style>\n<div id='banner_bottom'  class='avia-section av-l7ow41eu-30cf42f7352cfc9661a2c07d19a34a02 main_color avia-section-small avia-no-border-styling  avia-builder-el-5  el_after_av_toggle_container  avia-builder-el-last  avia-bg-style-scroll container_wrap fullsize'  ><div class='container av-section-cont-open' ><div class='template-page content  av-content-full alpha units'><div class='post-entry post-entry-type-page post-entry-4730'><div class='entry-content-wrapper clearfix'>\n<div  class='flex_column av-4xg6-e45e041fd5dfe5ad9fdebd8e6a8ff78f av_one_half  avia-builder-el-6  el_before_av_one_half  avia-builder-el-first  first flex_column_div  '     ><section  class='av_textblock_section av-l7ow60ma-5b4b73463e099ee5864bbb9f4ae06a40 '   itemscope=\"itemscope\" itemtype=\"https:\/\/schema.org\/CreativeWork\" ><div class='avia_textblock'  itemprop=\"text\" ><h2>\u00bfNECESITA ASISTENCIA?<\/h2>\n<h5>Escribe a service@meccanoplastica-group.com<\/h5>\n<\/div><\/section><\/div><div  class='flex_column av-11xn6-bf136249f4c4f68884de6330b1948ddf av_one_half  avia-builder-el-8  el_after_av_one_half  avia-builder-el-last  flex_column_div  '     ><div  class='avia-button-wrap av-l7ow8a8j-9bbf12c154461f6d4a062b6d274ec032-wrap avia-button-center  avia-builder-el-9  avia-builder-el-no-sibling '>\n<style type=\"text\/css\" data-created_by=\"avia_inline_auto\" id=\"style-css-av-l7ow8a8j-9bbf12c154461f6d4a062b6d274ec032\">\n#top #wrap_all .avia-button.av-l7ow8a8j-9bbf12c154461f6d4a062b6d274ec032{\ncolor:#00617a;\ntransition:all 0.4s ease-in-out;\n}\n#top #wrap_all .avia-button.av-l7ow8a8j-9bbf12c154461f6d4a062b6d274ec032:hover{\ncolor:white;\ntransition:all 0.4s ease-in-out;\n}\n#top #wrap_all .avia-button.av-l7ow8a8j-9bbf12c154461f6d4a062b6d274ec032 .avia-svg-icon svg:first-child{\nfill:#00617a;\nstroke:#00617a;\n}\n#top #wrap_all .avia-button.av-l7ow8a8j-9bbf12c154461f6d4a062b6d274ec032:hover .avia-svg-icon svg:first-child{\nfill:white;\nstroke:white;\n}\n<\/style>\n<a href='https:\/\/www.meccanoplastica-group.com\/es\/contacto\/'  class='avia-button av-l7ow8a8j-9bbf12c154461f6d4a062b6d274ec032 av-link-btn avia-icon_select-no avia-size-large avia-position-center avia-color-white'   aria-label=\"Contacto\"><span class='avia_iconbox_title' >Contacto<\/span><span class='avia_button_background avia-button avia-color-theme-color-highlight' ><\/span><\/a><\/div><\/div>\n","protected":false},"excerpt":{"rendered":"","protected":false},"author":2,"featured_media":0,"parent":0,"menu_order":0,"comment_status":"closed","ping_status":"closed","template":"","meta":{"footnotes":""},"class_list":["post-4730","page","type-page","status-publish","hentry"],"yoast_head":"<!-- This site is optimized with the Yoast SEO plugin v27.5 - https:\/\/yoast.com\/product\/yoast-seo-wordpress\/ -->\n<title>ASISTENCIA - Meccanoplastica Group<\/title>\n<meta name=\"robots\" content=\"index, follow, max-snippet:-1, max-image-preview:large, max-video-preview:-1\" \/>\n<link rel=\"canonical\" href=\"https:\/\/www.meccanoplastica-group.com\/es\/asistencia\/\" \/>\n<meta property=\"og:locale\" content=\"es_ES\" \/>\n<meta property=\"og:type\" content=\"article\" \/>\n<meta property=\"og:title\" content=\"ASISTENCIA - Meccanoplastica Group\" \/>\n<meta property=\"og:url\" content=\"https:\/\/www.meccanoplastica-group.com\/es\/asistencia\/\" \/>\n<meta property=\"og:site_name\" content=\"Meccanoplastica Group\" \/>\n<meta property=\"article:modified_time\" content=\"2022-12-23T08:28:55+00:00\" \/>\n<meta property=\"og:image\" content=\"https:\/\/www.meccanoplastica-group.com\/wp-content\/uploads\/2022\/09\/manutenzione.png\" \/>\n<meta name=\"twitter:card\" content=\"summary_large_image\" \/>\n<meta name=\"twitter:label1\" content=\"Tiempo de lectura\" \/>\n\t<meta name=\"twitter:data1\" content=\"14 minutos\" \/>\n<script type=\"application\/ld+json\" class=\"yoast-schema-graph\">{\"@context\":\"https:\\\/\\\/schema.org\",\"@graph\":[{\"@type\":\"WebPage\",\"@id\":\"https:\\\/\\\/www.meccanoplastica-group.com\\\/es\\\/asistencia\\\/\",\"url\":\"https:\\\/\\\/www.meccanoplastica-group.com\\\/es\\\/asistencia\\\/\",\"name\":\"ASISTENCIA - Meccanoplastica Group\",\"isPartOf\":{\"@id\":\"https:\\\/\\\/www.meccanoplastica-group.com\\\/es\\\/#website\"},\"primaryImageOfPage\":{\"@id\":\"https:\\\/\\\/www.meccanoplastica-group.com\\\/es\\\/asistencia\\\/#primaryimage\"},\"image\":{\"@id\":\"https:\\\/\\\/www.meccanoplastica-group.com\\\/es\\\/asistencia\\\/#primaryimage\"},\"thumbnailUrl\":\"https:\\\/\\\/www.meccanoplastica-group.com\\\/wp-content\\\/uploads\\\/2022\\\/09\\\/manutenzione.png\",\"datePublished\":\"2022-09-05T14:36:02+00:00\",\"dateModified\":\"2022-12-23T08:28:55+00:00\",\"breadcrumb\":{\"@id\":\"https:\\\/\\\/www.meccanoplastica-group.com\\\/es\\\/asistencia\\\/#breadcrumb\"},\"inLanguage\":\"es\",\"potentialAction\":[{\"@type\":\"ReadAction\",\"target\":[\"https:\\\/\\\/www.meccanoplastica-group.com\\\/es\\\/asistencia\\\/\"]}]},{\"@type\":\"ImageObject\",\"inLanguage\":\"es\",\"@id\":\"https:\\\/\\\/www.meccanoplastica-group.com\\\/es\\\/asistencia\\\/#primaryimage\",\"url\":\"https:\\\/\\\/www.meccanoplastica-group.com\\\/wp-content\\\/uploads\\\/2022\\\/09\\\/manutenzione.png\",\"contentUrl\":\"https:\\\/\\\/www.meccanoplastica-group.com\\\/wp-content\\\/uploads\\\/2022\\\/09\\\/manutenzione.png\"},{\"@type\":\"BreadcrumbList\",\"@id\":\"https:\\\/\\\/www.meccanoplastica-group.com\\\/es\\\/asistencia\\\/#breadcrumb\",\"itemListElement\":[{\"@type\":\"ListItem\",\"position\":1,\"name\":\"Home\",\"item\":\"https:\\\/\\\/www.meccanoplastica-group.com\\\/es\\\/home\\\/\"},{\"@type\":\"ListItem\",\"position\":2,\"name\":\"ASISTENCIA\"}]},{\"@type\":\"WebSite\",\"@id\":\"https:\\\/\\\/www.meccanoplastica-group.com\\\/es\\\/#website\",\"url\":\"https:\\\/\\\/www.meccanoplastica-group.com\\\/es\\\/\",\"name\":\"Meccanoplastica Group\",\"description\":\"\",\"potentialAction\":[{\"@type\":\"SearchAction\",\"target\":{\"@type\":\"EntryPoint\",\"urlTemplate\":\"https:\\\/\\\/www.meccanoplastica-group.com\\\/es\\\/?s={search_term_string}\"},\"query-input\":{\"@type\":\"PropertyValueSpecification\",\"valueRequired\":true,\"valueName\":\"search_term_string\"}}],\"inLanguage\":\"es\"}]}<\/script>\n<!-- \/ Yoast SEO plugin. -->","yoast_head_json":{"title":"ASISTENCIA - Meccanoplastica Group","robots":{"index":"index","follow":"follow","max-snippet":"max-snippet:-1","max-image-preview":"max-image-preview:large","max-video-preview":"max-video-preview:-1"},"canonical":"https:\/\/www.meccanoplastica-group.com\/es\/asistencia\/","og_locale":"es_ES","og_type":"article","og_title":"ASISTENCIA - Meccanoplastica Group","og_url":"https:\/\/www.meccanoplastica-group.com\/es\/asistencia\/","og_site_name":"Meccanoplastica Group","article_modified_time":"2022-12-23T08:28:55+00:00","og_image":[{"url":"https:\/\/www.meccanoplastica-group.com\/wp-content\/uploads\/2022\/09\/manutenzione.png","type":"","width":"","height":""}],"twitter_card":"summary_large_image","twitter_misc":{"Tiempo de lectura":"14 minutos"},"schema":{"@context":"https:\/\/schema.org","@graph":[{"@type":"WebPage","@id":"https:\/\/www.meccanoplastica-group.com\/es\/asistencia\/","url":"https:\/\/www.meccanoplastica-group.com\/es\/asistencia\/","name":"ASISTENCIA - Meccanoplastica Group","isPartOf":{"@id":"https:\/\/www.meccanoplastica-group.com\/es\/#website"},"primaryImageOfPage":{"@id":"https:\/\/www.meccanoplastica-group.com\/es\/asistencia\/#primaryimage"},"image":{"@id":"https:\/\/www.meccanoplastica-group.com\/es\/asistencia\/#primaryimage"},"thumbnailUrl":"https:\/\/www.meccanoplastica-group.com\/wp-content\/uploads\/2022\/09\/manutenzione.png","datePublished":"2022-09-05T14:36:02+00:00","dateModified":"2022-12-23T08:28:55+00:00","breadcrumb":{"@id":"https:\/\/www.meccanoplastica-group.com\/es\/asistencia\/#breadcrumb"},"inLanguage":"es","potentialAction":[{"@type":"ReadAction","target":["https:\/\/www.meccanoplastica-group.com\/es\/asistencia\/"]}]},{"@type":"ImageObject","inLanguage":"es","@id":"https:\/\/www.meccanoplastica-group.com\/es\/asistencia\/#primaryimage","url":"https:\/\/www.meccanoplastica-group.com\/wp-content\/uploads\/2022\/09\/manutenzione.png","contentUrl":"https:\/\/www.meccanoplastica-group.com\/wp-content\/uploads\/2022\/09\/manutenzione.png"},{"@type":"BreadcrumbList","@id":"https:\/\/www.meccanoplastica-group.com\/es\/asistencia\/#breadcrumb","itemListElement":[{"@type":"ListItem","position":1,"name":"Home","item":"https:\/\/www.meccanoplastica-group.com\/es\/home\/"},{"@type":"ListItem","position":2,"name":"ASISTENCIA"}]},{"@type":"WebSite","@id":"https:\/\/www.meccanoplastica-group.com\/es\/#website","url":"https:\/\/www.meccanoplastica-group.com\/es\/","name":"Meccanoplastica Group","description":"","potentialAction":[{"@type":"SearchAction","target":{"@type":"EntryPoint","urlTemplate":"https:\/\/www.meccanoplastica-group.com\/es\/?s={search_term_string}"},"query-input":{"@type":"PropertyValueSpecification","valueRequired":true,"valueName":"search_term_string"}}],"inLanguage":"es"}]}},"_links":{"self":[{"href":"https:\/\/www.meccanoplastica-group.com\/es\/wp-json\/wp\/v2\/pages\/4730","targetHints":{"allow":["GET"]}}],"collection":[{"href":"https:\/\/www.meccanoplastica-group.com\/es\/wp-json\/wp\/v2\/pages"}],"about":[{"href":"https:\/\/www.meccanoplastica-group.com\/es\/wp-json\/wp\/v2\/types\/page"}],"author":[{"embeddable":true,"href":"https:\/\/www.meccanoplastica-group.com\/es\/wp-json\/wp\/v2\/users\/2"}],"replies":[{"embeddable":true,"href":"https:\/\/www.meccanoplastica-group.com\/es\/wp-json\/wp\/v2\/comments?post=4730"}],"version-history":[{"count":0,"href":"https:\/\/www.meccanoplastica-group.com\/es\/wp-json\/wp\/v2\/pages\/4730\/revisions"}],"wp:attachment":[{"href":"https:\/\/www.meccanoplastica-group.com\/es\/wp-json\/wp\/v2\/media?parent=4730"}],"curies":[{"name":"wp","href":"https:\/\/api.w.org\/{rel}","templated":true}]}}