{"id":74,"date":"2022-09-05T16:36:02","date_gmt":"2022-09-05T14:36:02","guid":{"rendered":"https:\/\/www.meccanoplastica-group.com\/?page_id=74"},"modified":"2022-10-11T11:41:17","modified_gmt":"2022-10-11T09:41:17","slug":"assistenza","status":"publish","type":"page","link":"https:\/\/www.meccanoplastica-group.com\/it\/assistenza\/","title":{"rendered":"Assistenza"},"content":{"rendered":"\n<style type=\"text\/css\" data-created_by=\"avia_inline_auto\" id=\"style-css-av-l7ouy91o-5dfbcde76bfce001669f9197576a94e2\">\n.avia-section.av-l7ouy91o-5dfbcde76bfce001669f9197576a94e2{\nbackground-color:#f7f7f7;\nbackground-image:unset;\n}\n<\/style>\n<div id='av_section_1'  class='avia-section av-l7ouy91o-5dfbcde76bfce001669f9197576a94e2 main_color avia-section-default avia-no-border-styling  avia-builder-el-0  el_before_av_one_full  avia-builder-el-first  avia-bg-style-scroll container_wrap fullsize'  ><div class='container av-section-cont-open' ><main  role=\"main\" itemprop=\"mainContentOfPage\"  class='template-page content  av-content-full alpha units'><div class='post-entry post-entry-type-page post-entry-74'><div class='entry-content-wrapper clearfix'>\n<section  class='av_textblock_section av-l7ov06i0-fc6353e409d4865c038d06c3b2136e3f '   itemscope=\"itemscope\" itemtype=\"https:\/\/schema.org\/CreativeWork\" ><div class='avia_textblock'  itemprop=\"text\" ><h2>ASSISTENZA<\/h2>\n<p><strong>Per macchine estrusione, iniezione soffiaggio e stiro soffiaggio<\/strong><\/p>\n<\/div><\/section>\n<\/div><\/div><\/main><!-- close content main element --><\/div><\/div><div id='after_section_1'  class='main_color av_default_container_wrap container_wrap fullsize'  ><div class='container av-section-cont-open' ><div class='template-page content  av-content-full alpha units'><div class='post-entry post-entry-type-page post-entry-74'><div class='entry-content-wrapper clearfix'>\n\n<style type=\"text\/css\" data-created_by=\"avia_inline_auto\" id=\"style-css-av-1o6hq-4f2db2f76d37f37a07e61c0c5bc904cc\">\n#top .flex_column.av-1o6hq-4f2db2f76d37f37a07e61c0c5bc904cc{\nmargin-top:0;\nmargin-bottom:30px;\n}\n.responsive #top #wrap_all .flex_column.av-1o6hq-4f2db2f76d37f37a07e61c0c5bc904cc{\nmargin-top:0;\nmargin-bottom:30px;\n}\n<\/style>\n<div  class='flex_column av-1o6hq-4f2db2f76d37f37a07e61c0c5bc904cc av_one_full  avia-builder-el-2  el_after_av_section  el_before_av_toggle_container  avia-builder-el-first  first flex_column_div  '     ><section  class='av_textblock_section av-l7ov341b-ab58d67cde284cf69e2e7a33940a04f9 '   itemscope=\"itemscope\" itemtype=\"https:\/\/schema.org\/CreativeWork\" ><div class='avia_textblock'  itemprop=\"text\" ><p>La nostra assistenza al cliente inizia gi\u00e0 nella fase di proposta commerciale, quando analizziamo le sue necessit\u00e0 per valutare le personalizzazioni e le integrazioni con linee gi\u00e0 esistenti.<\/p>\n<p>Nel post-vendita organizziamo vari servizi, elencati qui di seguito.<\/p>\n<\/div><\/section><\/div>\n\n<style type=\"text\/css\" data-created_by=\"avia_inline_auto\" id=\"style-css-av-l7ovvehr-abd44bdd2a77497789f8b70b42d31e2f\">\n#top .togglecontainer.av-l7ovvehr-abd44bdd2a77497789f8b70b42d31e2f h4.toggler{\ncolor:#ffffff;\nbackground-color:#00617a;\nborder-color:#ffffff;\n}\n#top .togglecontainer.av-l7ovvehr-abd44bdd2a77497789f8b70b42d31e2f h4.toggler .toggle_icon{\ncolor:#ffffff;\nborder-color:#ffffff;\n}\n#top .togglecontainer.av-l7ovvehr-abd44bdd2a77497789f8b70b42d31e2f h4.toggler .toggle_icon > span{\ncolor:#ffffff;\nborder-color:#ffffff;\n}\n#top .togglecontainer.av-l7ovvehr-abd44bdd2a77497789f8b70b42d31e2f .toggle_wrap .toggle_content{\ncolor:#ffffff;\nbackground-color:#00617a;\nborder-color:#ffffff;\n}\n<\/style>\n<div  class='togglecontainer av-l7ovvehr-abd44bdd2a77497789f8b70b42d31e2f av-minimal-toggle  avia-builder-el-4  el_after_av_one_full  el_before_av_section  avia-builder-el-last ' >\n<section class='av_toggle_section av-l7ovr45f-9af3780ae998e400bf4cc3d89c8584a3'  itemscope=\"itemscope\" itemtype=\"https:\/\/schema.org\/CreativeWork\" ><div role=\"tablist\" class=\"single_toggle\" data-tags=\"{Tutto} \"  ><h4 id='toggle-toggle-id-1' data-fake-id='#toggle-id-1' class='toggler  activeTitle av-title-above av-inherit-border-color'  itemprop=\"headline\"  role='tab' tabindex='0' aria-controls='toggle-id-1' data-slide-speed=\"200\" data-title=\"Manutenzione\" data-title-open=\"\" data-aria_collapsed=\"Clicca per espandere: Manutenzione\" data-aria_expanded=\"Fare clic per chiudere: Manutenzione\">Manutenzione<span class=\"toggle_icon\"><span class=\"vert_icon\"><\/span><span class=\"hor_icon\"><\/span><\/span><\/h4><div id='toggle-id-1' aria-labelledby='toggle-toggle-id-1' role='region' class='toggle_wrap  active_tc av-title-above' style='display:block;' ><div class='toggle_content invers-color av-inherit-border-color'  itemprop=\"text\" ><div style=\"display: flex;\">\n<div style=\"flex: 2;\">Offriamo un ampio ventaglio di servizi di manutenzione ordinaria, per garantire efficienza e affidabilit\u00e0 produttiva dei macchinari, attraverso interventi programmati presso la sede del cliente<\/div>\n<div style=\"flex: 2;\"><\/div>\n<div style=\"flex: 1;\"><img loading=\"lazy\" decoding=\"async\" class=\"alignright size-full wp-image-434\" src=\"https:\/\/www.meccanoplastica-group.com\/wp-content\/uploads\/2022\/09\/manutenzione.png\" alt=\"\" width=\"100\" height=\"100\" srcset=\"https:\/\/www.meccanoplastica-group.com\/wp-content\/uploads\/2022\/09\/manutenzione.png 256w, https:\/\/www.meccanoplastica-group.com\/wp-content\/uploads\/2022\/09\/manutenzione-80x80.png 80w, https:\/\/www.meccanoplastica-group.com\/wp-content\/uploads\/2022\/09\/manutenzione-36x36.png 36w, https:\/\/www.meccanoplastica-group.com\/wp-content\/uploads\/2022\/09\/manutenzione-180x180.png 180w\" sizes=\"auto, (max-width: 100px) 100vw, 100px\" \/><\/div>\n<\/div>\n<\/div><\/div><\/div><\/section>\n<section class='av_toggle_section av-rrfu-a370473d221338ab7c77cb000abba70b'  itemscope=\"itemscope\" itemtype=\"https:\/\/schema.org\/CreativeWork\" ><div role=\"tablist\" class=\"single_toggle\" data-tags=\"{Tutto} \"  ><h4 id='toggle-toggle-id-2' data-fake-id='#toggle-id-2' class='toggler  av-title-above av-inherit-border-color'  itemprop=\"headline\"  role='tab' tabindex='0' aria-controls='toggle-id-2' data-slide-speed=\"200\" data-title=\"Assistenza tecnica\" data-title-open=\"\" data-aria_collapsed=\"Clicca per espandere: Assistenza tecnica\" data-aria_expanded=\"Fare clic per chiudere: Assistenza tecnica\">Assistenza tecnica<span class=\"toggle_icon\"><span class=\"vert_icon\"><\/span><span class=\"hor_icon\"><\/span><\/span><\/h4><div id='toggle-id-2' aria-labelledby='toggle-toggle-id-2' role='region' class='toggle_wrap  av-title-above'  ><div class='toggle_content invers-color av-inherit-border-color'  itemprop=\"text\" ><div style=\"display: flex;\">\n<div style=\"flex: 2;\">La nostra assistenza tecnica comprende la messa in funzione delle macchine e l\u2019installazione in base alle caratteristiche dell\u2019impianto.<br \/>\nPrevede inoltre il supporto in caso di riparazioni, difetti e malfunzionamenti, la sostituzione di elementi in tempi rapidi<\/div>\n<div style=\"flex: 2;\"><\/div>\n<div style=\"flex: 1;\"><img loading=\"lazy\" decoding=\"async\" class=\"alignright size-full wp-image-434\" src=\"https:\/\/www.meccanoplastica-group.com\/wp-content\/uploads\/2022\/09\/assistenza-tecnica.png\" alt=\"\" width=\"100\" height=\"100\" \/><\/div>\n<\/div>\n<\/div><\/div><\/div><\/section>\n<section class='av_toggle_section av-l7ow0mtz-7c7dca08af15da3ffd9ff7723f439644'  itemscope=\"itemscope\" itemtype=\"https:\/\/schema.org\/CreativeWork\" ><div role=\"tablist\" class=\"single_toggle\" data-tags=\"{Tutto} \"  ><h4 id='toggle-toggle-id-3' data-fake-id='#toggle-id-3' class='toggler  av-title-above av-inherit-border-color'  itemprop=\"headline\"  role='tab' tabindex='0' aria-controls='toggle-id-3' data-slide-speed=\"200\" data-title=\"Pezzi di ricambio\" data-title-open=\"\" data-aria_collapsed=\"Clicca per espandere: Pezzi di ricambio\" data-aria_expanded=\"Fare clic per chiudere: Pezzi di ricambio\">Pezzi di ricambio<span class=\"toggle_icon\"><span class=\"vert_icon\"><\/span><span class=\"hor_icon\"><\/span><\/span><\/h4><div id='toggle-id-3' aria-labelledby='toggle-toggle-id-3' role='region' class='toggle_wrap  av-title-above'  ><div class='toggle_content invers-color av-inherit-border-color'  itemprop=\"text\" ><div style=\"display: flex;\">\n<div style=\"flex: 2;\">La sede di Firenze \u00e8 dotata di un magazzino ricambi per le macchine estrusione e iniezione soffiaggio con componenti standard sempre disponibili e assicura l\u2019approvvigionamento per componenti in tempi rapidi.<\/div>\n<div style=\"flex: 2;\"><\/div>\n<div style=\"flex: 1;\"><img loading=\"lazy\" decoding=\"async\" class=\"alignright size-full wp-image-434\" src=\"https:\/\/www.meccanoplastica-group.com\/wp-content\/uploads\/2022\/09\/pezzi-ricambio.png\" alt=\"\" width=\"100\" height=\"100\" \/><\/div>\n<\/div>\n<\/div><\/div><\/div><\/section>\n<section class='av_toggle_section av-l7ow18ws-23e453d406dadf0ccc8bf770f52cc7cf'  itemscope=\"itemscope\" itemtype=\"https:\/\/schema.org\/CreativeWork\" ><div role=\"tablist\" class=\"single_toggle\" data-tags=\"{Tutto} \"  ><h4 id='toggle-toggle-id-4' data-fake-id='#toggle-id-4' class='toggler  av-title-above av-inherit-border-color'  itemprop=\"headline\"  role='tab' tabindex='0' aria-controls='toggle-id-4' data-slide-speed=\"200\" data-title=\"Assistenza remota\" data-title-open=\"\" data-aria_collapsed=\"Clicca per espandere: Assistenza remota\" data-aria_expanded=\"Fare clic per chiudere: Assistenza remota\">Assistenza remota<span class=\"toggle_icon\"><span class=\"vert_icon\"><\/span><span class=\"hor_icon\"><\/span><\/span><\/h4><div id='toggle-id-4' aria-labelledby='toggle-toggle-id-4' role='region' class='toggle_wrap  av-title-above'  ><div class='toggle_content invers-color av-inherit-border-color'  itemprop=\"text\" ><div style=\"display: flex;\">\n<div style=\"flex: 2;\">Tutte le macchine sono dotate di un dispositivo di teleassistenza remota che esegue diagnostica di eventuali guasti.<br \/>\nIn caso di necessit\u00e0, le riparazioni software vengono eseguite immediatamente on-line.<\/div>\n<div style=\"flex: 2;\"><\/div>\n<div style=\"flex: 1;\"><img loading=\"lazy\" decoding=\"async\" class=\"alignright size-full wp-image-434\" src=\"https:\/\/www.meccanoplastica-group.com\/wp-content\/uploads\/2022\/09\/assistenza-remota.png\" alt=\"\" width=\"100\" height=\"100\" \/><\/div>\n<\/div>\n<\/div><\/div><\/div><\/section>\n<section class='av_toggle_section av-l7ow23yc-a2c66248d7cf34b7286b776e9bc03bd1'  itemscope=\"itemscope\" itemtype=\"https:\/\/schema.org\/CreativeWork\" ><div role=\"tablist\" class=\"single_toggle\" data-tags=\"{Tutto} \"  ><h4 id='toggle-toggle-id-5' data-fake-id='#toggle-id-5' class='toggler  av-title-above av-inherit-border-color'  itemprop=\"headline\"  role='tab' tabindex='0' aria-controls='toggle-id-5' data-slide-speed=\"200\" data-title=\"Aggiornamento e conversione\" data-title-open=\"\" data-aria_collapsed=\"Clicca per espandere: Aggiornamento e conversione\" data-aria_expanded=\"Fare clic per chiudere: Aggiornamento e conversione\">Aggiornamento e conversione<span class=\"toggle_icon\"><span class=\"vert_icon\"><\/span><span class=\"hor_icon\"><\/span><\/span><\/h4><div id='toggle-id-5' aria-labelledby='toggle-toggle-id-5' role='region' class='toggle_wrap  av-title-above'  ><div class='toggle_content invers-color av-inherit-border-color'  itemprop=\"text\" ><div style=\"display: flex;\">\n<div style=\"flex: 2;\">Ristrutturiamo le nostre macchine estrusione e iniezione soffiaggio per aggiornarle tecnologicamente, svolgendo operazioni di re-vamping e retro-fitting.<br \/>\nEseguiamo anche la conversione delle macchine, nel caso per esempio la linea di produzione debba spostarsi su nuovi materiali o cambiare formato.<\/div>\n<div style=\"flex: 2;\"><\/div>\n<div style=\"flex: 1;\"><img loading=\"lazy\" decoding=\"async\" class=\"alignright size-full wp-image-434\" src=\"https:\/\/www.meccanoplastica-group.com\/wp-content\/uploads\/2022\/09\/aggiornamento.png\" alt=\"\" width=\"100\" height=\"100\" \/><\/div>\n<\/div>\n<\/div><\/div><\/div><\/section>\n<section class='av_toggle_section av-l7ow2nqc-de302b602513d6392ebb6fe081bac99a'  itemscope=\"itemscope\" itemtype=\"https:\/\/schema.org\/CreativeWork\" ><div role=\"tablist\" class=\"single_toggle\" data-tags=\"{Tutto} \"  ><h4 id='toggle-toggle-id-6' data-fake-id='#toggle-id-6' class='toggler  av-title-above av-inherit-border-color'  itemprop=\"headline\"  role='tab' tabindex='0' aria-controls='toggle-id-6' data-slide-speed=\"200\" data-title=\"Formazione\" data-title-open=\"\" data-aria_collapsed=\"Clicca per espandere: Formazione\" data-aria_expanded=\"Fare clic per chiudere: Formazione\">Formazione<span class=\"toggle_icon\"><span class=\"vert_icon\"><\/span><span class=\"hor_icon\"><\/span><\/span><\/h4><div id='toggle-id-6' aria-labelledby='toggle-toggle-id-6' role='region' class='toggle_wrap  av-title-above'  ><div class='toggle_content invers-color av-inherit-border-color'  itemprop=\"text\" ><div style=\"display: flex;\">\n<div style=\"flex: 2;\">I nostri tecnici organizzano la formazione per il personale addetto alla produzione.<\/div>\n<div style=\"flex: 2;\"><\/div>\n<div style=\"flex: 1;\"><img loading=\"lazy\" decoding=\"async\" class=\"alignright size-full wp-image-434\" src=\"https:\/\/www.meccanoplastica-group.com\/wp-content\/uploads\/2022\/09\/formazione.png\" alt=\"\" width=\"100\" height=\"100\" \/><\/div>\n<\/div>\n<\/div><\/div><\/div><\/section>\n<\/div>\n<\/div><\/div><\/div><!-- close content main div --><\/div><\/div>\n<style type=\"text\/css\" data-created_by=\"avia_inline_auto\" id=\"style-css-av-l7ow41eu-30cf42f7352cfc9661a2c07d19a34a02\">\n.avia-section.av-l7ow41eu-30cf42f7352cfc9661a2c07d19a34a02{\nbackground-color:#ebbd00;\nbackground-image:unset;\nmargin-top:30px;\nmargin-bottom:30px;\n}\n<\/style>\n<div id='banner_bottom'  class='avia-section av-l7ow41eu-30cf42f7352cfc9661a2c07d19a34a02 main_color avia-section-small avia-no-border-styling  avia-builder-el-5  el_after_av_toggle_container  avia-builder-el-last  avia-bg-style-scroll container_wrap fullsize'  ><div class='container av-section-cont-open' ><div class='template-page content  av-content-full alpha units'><div class='post-entry post-entry-type-page post-entry-74'><div class='entry-content-wrapper clearfix'>\n<div  class='flex_column av-4xg6-e45e041fd5dfe5ad9fdebd8e6a8ff78f av_one_half  avia-builder-el-6  el_before_av_one_half  avia-builder-el-first  first flex_column_div  '     ><section  class='av_textblock_section av-l7ow60ma-5b4b73463e099ee5864bbb9f4ae06a40 '   itemscope=\"itemscope\" itemtype=\"https:\/\/schema.org\/CreativeWork\" ><div class='avia_textblock'  itemprop=\"text\" ><h2>VUOI ASSISTENZA?<\/h2>\n<h5>Scrivi a service@meccanoplastica-group.com<\/h5>\n<\/div><\/section><\/div><div  class='flex_column av-11xn6-bf136249f4c4f68884de6330b1948ddf av_one_half  avia-builder-el-8  el_after_av_one_half  avia-builder-el-last  flex_column_div  '     ><div  class='avia-button-wrap av-l7ow8a8j-45baa6227b9106da38f849166db51ff2-wrap avia-button-center  avia-builder-el-9  avia-builder-el-no-sibling '>\n<style type=\"text\/css\" data-created_by=\"avia_inline_auto\" id=\"style-css-av-l7ow8a8j-45baa6227b9106da38f849166db51ff2\">\n#top #wrap_all .avia-button.av-l7ow8a8j-45baa6227b9106da38f849166db51ff2{\ncolor:#00617a;\ntransition:all 0.4s ease-in-out;\n}\n#top #wrap_all .avia-button.av-l7ow8a8j-45baa6227b9106da38f849166db51ff2:hover{\ncolor:white;\ntransition:all 0.4s ease-in-out;\n}\n#top #wrap_all .avia-button.av-l7ow8a8j-45baa6227b9106da38f849166db51ff2 .avia-svg-icon svg:first-child{\nfill:#00617a;\nstroke:#00617a;\n}\n#top #wrap_all .avia-button.av-l7ow8a8j-45baa6227b9106da38f849166db51ff2:hover .avia-svg-icon svg:first-child{\nfill:white;\nstroke:white;\n}\n<\/style>\n<a href='https:\/\/www.meccanoplastica-group.com\/it\/contatti\/'  class='avia-button av-l7ow8a8j-45baa6227b9106da38f849166db51ff2 av-link-btn avia-icon_select-no avia-size-large avia-position-center avia-color-white'   aria-label=\"Contattaci\"><span class='avia_iconbox_title' >Contattaci<\/span><span class='avia_button_background avia-button avia-color-theme-color-highlight' ><\/span><\/a><\/div><\/div>\n","protected":false},"excerpt":{"rendered":"","protected":false},"author":2,"featured_media":0,"parent":0,"menu_order":0,"comment_status":"closed","ping_status":"closed","template":"","meta":{"footnotes":""},"class_list":["post-74","page","type-page","status-publish","hentry"],"yoast_head":"<!-- This site is optimized with the Yoast SEO plugin v27.5 - https:\/\/yoast.com\/product\/yoast-seo-wordpress\/ -->\n<title>Assistenza - Meccanoplastica Group<\/title>\n<meta name=\"robots\" content=\"index, follow, max-snippet:-1, max-image-preview:large, max-video-preview:-1\" \/>\n<link rel=\"canonical\" href=\"https:\/\/www.meccanoplastica-group.com\/it\/assistenza\/\" \/>\n<meta property=\"og:locale\" content=\"it_IT\" \/>\n<meta property=\"og:type\" content=\"article\" \/>\n<meta property=\"og:title\" content=\"Assistenza - Meccanoplastica Group\" \/>\n<meta property=\"og:url\" content=\"https:\/\/www.meccanoplastica-group.com\/it\/assistenza\/\" \/>\n<meta property=\"og:site_name\" content=\"Meccanoplastica Group\" \/>\n<meta property=\"article:modified_time\" content=\"2022-10-11T09:41:17+00:00\" \/>\n<meta property=\"og:image\" content=\"https:\/\/www.meccanoplastica-group.com\/wp-content\/uploads\/2022\/09\/manutenzione.png\" \/>\n<meta name=\"twitter:card\" content=\"summary_large_image\" \/>\n<meta name=\"twitter:label1\" content=\"Tempo di lettura stimato\" \/>\n\t<meta name=\"twitter:data1\" content=\"13 minuti\" \/>\n<script type=\"application\/ld+json\" class=\"yoast-schema-graph\">{\"@context\":\"https:\\\/\\\/schema.org\",\"@graph\":[{\"@type\":\"WebPage\",\"@id\":\"https:\\\/\\\/www.meccanoplastica-group.com\\\/it\\\/assistenza\\\/\",\"url\":\"https:\\\/\\\/www.meccanoplastica-group.com\\\/it\\\/assistenza\\\/\",\"name\":\"Assistenza - Meccanoplastica Group\",\"isPartOf\":{\"@id\":\"https:\\\/\\\/www.meccanoplastica-group.com\\\/it\\\/#website\"},\"primaryImageOfPage\":{\"@id\":\"https:\\\/\\\/www.meccanoplastica-group.com\\\/it\\\/assistenza\\\/#primaryimage\"},\"image\":{\"@id\":\"https:\\\/\\\/www.meccanoplastica-group.com\\\/it\\\/assistenza\\\/#primaryimage\"},\"thumbnailUrl\":\"https:\\\/\\\/www.meccanoplastica-group.com\\\/wp-content\\\/uploads\\\/2022\\\/09\\\/manutenzione.png\",\"datePublished\":\"2022-09-05T14:36:02+00:00\",\"dateModified\":\"2022-10-11T09:41:17+00:00\",\"breadcrumb\":{\"@id\":\"https:\\\/\\\/www.meccanoplastica-group.com\\\/it\\\/assistenza\\\/#breadcrumb\"},\"inLanguage\":\"it-IT\",\"potentialAction\":[{\"@type\":\"ReadAction\",\"target\":[\"https:\\\/\\\/www.meccanoplastica-group.com\\\/it\\\/assistenza\\\/\"]}]},{\"@type\":\"ImageObject\",\"inLanguage\":\"it-IT\",\"@id\":\"https:\\\/\\\/www.meccanoplastica-group.com\\\/it\\\/assistenza\\\/#primaryimage\",\"url\":\"https:\\\/\\\/www.meccanoplastica-group.com\\\/wp-content\\\/uploads\\\/2022\\\/09\\\/manutenzione.png\",\"contentUrl\":\"https:\\\/\\\/www.meccanoplastica-group.com\\\/wp-content\\\/uploads\\\/2022\\\/09\\\/manutenzione.png\"},{\"@type\":\"BreadcrumbList\",\"@id\":\"https:\\\/\\\/www.meccanoplastica-group.com\\\/it\\\/assistenza\\\/#breadcrumb\",\"itemListElement\":[{\"@type\":\"ListItem\",\"position\":1,\"name\":\"Home\",\"item\":\"https:\\\/\\\/www.meccanoplastica-group.com\\\/it\\\/pagina-di-esempio\\\/\"},{\"@type\":\"ListItem\",\"position\":2,\"name\":\"Assistenza\"}]},{\"@type\":\"WebSite\",\"@id\":\"https:\\\/\\\/www.meccanoplastica-group.com\\\/it\\\/#website\",\"url\":\"https:\\\/\\\/www.meccanoplastica-group.com\\\/it\\\/\",\"name\":\"Meccanoplastica Group\",\"description\":\"\",\"potentialAction\":[{\"@type\":\"SearchAction\",\"target\":{\"@type\":\"EntryPoint\",\"urlTemplate\":\"https:\\\/\\\/www.meccanoplastica-group.com\\\/it\\\/?s={search_term_string}\"},\"query-input\":{\"@type\":\"PropertyValueSpecification\",\"valueRequired\":true,\"valueName\":\"search_term_string\"}}],\"inLanguage\":\"it-IT\"}]}<\/script>\n<!-- \/ Yoast SEO plugin. -->","yoast_head_json":{"title":"Assistenza - Meccanoplastica Group","robots":{"index":"index","follow":"follow","max-snippet":"max-snippet:-1","max-image-preview":"max-image-preview:large","max-video-preview":"max-video-preview:-1"},"canonical":"https:\/\/www.meccanoplastica-group.com\/it\/assistenza\/","og_locale":"it_IT","og_type":"article","og_title":"Assistenza - Meccanoplastica Group","og_url":"https:\/\/www.meccanoplastica-group.com\/it\/assistenza\/","og_site_name":"Meccanoplastica Group","article_modified_time":"2022-10-11T09:41:17+00:00","og_image":[{"url":"https:\/\/www.meccanoplastica-group.com\/wp-content\/uploads\/2022\/09\/manutenzione.png","type":"","width":"","height":""}],"twitter_card":"summary_large_image","twitter_misc":{"Tempo di lettura stimato":"13 minuti"},"schema":{"@context":"https:\/\/schema.org","@graph":[{"@type":"WebPage","@id":"https:\/\/www.meccanoplastica-group.com\/it\/assistenza\/","url":"https:\/\/www.meccanoplastica-group.com\/it\/assistenza\/","name":"Assistenza - Meccanoplastica Group","isPartOf":{"@id":"https:\/\/www.meccanoplastica-group.com\/it\/#website"},"primaryImageOfPage":{"@id":"https:\/\/www.meccanoplastica-group.com\/it\/assistenza\/#primaryimage"},"image":{"@id":"https:\/\/www.meccanoplastica-group.com\/it\/assistenza\/#primaryimage"},"thumbnailUrl":"https:\/\/www.meccanoplastica-group.com\/wp-content\/uploads\/2022\/09\/manutenzione.png","datePublished":"2022-09-05T14:36:02+00:00","dateModified":"2022-10-11T09:41:17+00:00","breadcrumb":{"@id":"https:\/\/www.meccanoplastica-group.com\/it\/assistenza\/#breadcrumb"},"inLanguage":"it-IT","potentialAction":[{"@type":"ReadAction","target":["https:\/\/www.meccanoplastica-group.com\/it\/assistenza\/"]}]},{"@type":"ImageObject","inLanguage":"it-IT","@id":"https:\/\/www.meccanoplastica-group.com\/it\/assistenza\/#primaryimage","url":"https:\/\/www.meccanoplastica-group.com\/wp-content\/uploads\/2022\/09\/manutenzione.png","contentUrl":"https:\/\/www.meccanoplastica-group.com\/wp-content\/uploads\/2022\/09\/manutenzione.png"},{"@type":"BreadcrumbList","@id":"https:\/\/www.meccanoplastica-group.com\/it\/assistenza\/#breadcrumb","itemListElement":[{"@type":"ListItem","position":1,"name":"Home","item":"https:\/\/www.meccanoplastica-group.com\/it\/pagina-di-esempio\/"},{"@type":"ListItem","position":2,"name":"Assistenza"}]},{"@type":"WebSite","@id":"https:\/\/www.meccanoplastica-group.com\/it\/#website","url":"https:\/\/www.meccanoplastica-group.com\/it\/","name":"Meccanoplastica Group","description":"","potentialAction":[{"@type":"SearchAction","target":{"@type":"EntryPoint","urlTemplate":"https:\/\/www.meccanoplastica-group.com\/it\/?s={search_term_string}"},"query-input":{"@type":"PropertyValueSpecification","valueRequired":true,"valueName":"search_term_string"}}],"inLanguage":"it-IT"}]}},"_links":{"self":[{"href":"https:\/\/www.meccanoplastica-group.com\/it\/wp-json\/wp\/v2\/pages\/74","targetHints":{"allow":["GET"]}}],"collection":[{"href":"https:\/\/www.meccanoplastica-group.com\/it\/wp-json\/wp\/v2\/pages"}],"about":[{"href":"https:\/\/www.meccanoplastica-group.com\/it\/wp-json\/wp\/v2\/types\/page"}],"author":[{"embeddable":true,"href":"https:\/\/www.meccanoplastica-group.com\/it\/wp-json\/wp\/v2\/users\/2"}],"replies":[{"embeddable":true,"href":"https:\/\/www.meccanoplastica-group.com\/it\/wp-json\/wp\/v2\/comments?post=74"}],"version-history":[{"count":1,"href":"https:\/\/www.meccanoplastica-group.com\/it\/wp-json\/wp\/v2\/pages\/74\/revisions"}],"predecessor-version":[{"id":6711,"href":"https:\/\/www.meccanoplastica-group.com\/it\/wp-json\/wp\/v2\/pages\/74\/revisions\/6711"}],"wp:attachment":[{"href":"https:\/\/www.meccanoplastica-group.com\/it\/wp-json\/wp\/v2\/media?parent=74"}],"curies":[{"name":"wp","href":"https:\/\/api.w.org\/{rel}","templated":true}]}}